{"id":110,"date":"2026-03-19T16:18:24","date_gmt":"2026-03-19T16:18:24","guid":{"rendered":"https:\/\/zavodsoteria.si\/?page_id=110"},"modified":"2026-03-19T16:18:24","modified_gmt":"2026-03-19T16:18:24","slug":"testna-os-soteria","status":"publish","type":"page","link":"https:\/\/zavodsoteria.si\/index.php\/testna-os-soteria\/","title":{"rendered":"Testna O\u0160 Soteria"},"content":{"rendered":"\n<div class=\"wp-block-group alignwide\"><div class=\"wp-block-group__inner-container is-layout-constrained wp-block-group-is-layout-constrained\">\n<h1 class=\"wp-block-heading has-text-align-center\">Predstavitev \u0161ole<\/h1>\n\n\n\n<p class=\"has-text-align-center\">To smo mi, mladi in nadebudni<\/p>\n\n\n\n<div class=\"wp-block-buttons is-content-justification-center is-layout-flex wp-container-core-buttons-is-layout-a89b3969 wp-block-buttons-is-layout-flex\">\n<div class=\"wp-block-button\"><a class=\"wp-block-button__link has-white-color has-accent-background-color has-text-color has-background has-link-color wp-element-button\"><strong>w<\/strong>ww O\u0160<\/a><\/div>\n<\/div>\n\n\n\n<div class=\"wp-block-cover alignwide is-light\" style=\"border-radius:8px\"><img decoding=\"async\" class=\"wp-block-cover__image-background wp-image-322\" alt=\"\" src=\"https:\/\/zavodsoteria.si\/wp-content\/themes\/hestia\/inc\/compatibility\/block-patterns\/img\/hst-demo-1.jpeg\" data-object-fit=\"cover\"\/><span aria-hidden=\"true\" class=\"wp-block-cover__background has-accent-background-color has-background-dim-0 has-background-dim\"><\/span><div class=\"wp-block-cover__inner-container is-layout-flow wp-block-cover-is-layout-flow\">\n<p class=\"has-text-align-center has-large-font-size\"><\/p>\n<\/div><\/div>\n<\/div><\/div>\n\n\n\n<h2 class=\"wp-block-heading\">To smo mi<\/h2>\n\n\n\n<p>Predstavitev osnovne \u0161ole z najve\u010d 500 znaki.<\/p>\n\n\n\n<div class=\"wp-block-group alignwide\"><div class=\"wp-block-group__inner-container is-layout-constrained wp-block-group-is-layout-constrained\">\n<h2 class=\"wp-block-heading has-text-align-left\">Na\u0161e novinarsko delo<\/h2>\n\n\n\n<p class=\"has-text-align-left\">\u010casopis, video vsebina in ostalo<\/p>\n\n\n\n<div class=\"wp-block-columns is-layout-flex wp-container-core-columns-is-layout-47c06fe3 wp-block-columns-is-layout-flex\">\n<div class=\"wp-block-column is-layout-flow wp-block-column-is-layout-flow\">\n<div class=\"wp-block-group has-background\" style=\"border-radius:8px;background-color:#f9f8f7;padding-top:32px;padding-right:32px;padding-bottom:32px;padding-left:32px\"><div class=\"wp-block-group__inner-container is-layout-constrained wp-container-core-group-is-layout-3432adc9 wp-block-group-is-layout-constrained\">\n<h3 class=\"wp-block-heading\">\u0160olsko glasilo Klepetav\u010dek<\/h3>\n\n\n\n<p>Pred vami je nova \u0161tevilka Klepetav\u010dka. Vabljeni k branju<\/p>\n\n\n\n<div class=\"wp-block-buttons is-layout-flex wp-block-buttons-is-layout-flex\">\n<div class=\"wp-block-button\"><a class=\"wp-block-button__link has-white-color has-accent-background-color has-text-color has-background has-link-color has-small-font-size has-custom-font-size wp-element-button\" style=\"padding-top:var(--wp--preset--spacing--40);padding-right:var(--wp--preset--spacing--60);padding-bottom:var(--wp--preset--spacing--40);padding-left:var(--wp--preset--spacing--60);font-style:normal;font-weight:600;text-transform:uppercase\">Ogled glasila<\/a><\/div>\n<\/div>\n<\/div><\/div>\n<\/div>\n\n\n\n<div class=\"wp-block-column is-layout-flow wp-block-column-is-layout-flow\">\n<div class=\"wp-block-group has-white-color has-accent-background-color has-text-color has-background has-link-color wp-elements-db408075bd80870841e6c274423eb910\" style=\"border-radius:8px;padding-top:32px;padding-right:32px;padding-bottom:32px;padding-left:32px\"><div class=\"wp-block-group__inner-container is-layout-constrained wp-container-core-group-is-layout-3432adc9 wp-block-group-is-layout-constrained\">\n<h3 class=\"wp-block-heading\">Video vsebine &#8211; youtube kanal VSE O VSEM<\/h3>\n\n\n\n<p>Design is where function meets inspiration, delivering not only usability but also emotional depth.<\/p>\n\n\n\n<div class=\"wp-block-buttons is-layout-flex wp-block-buttons-is-layout-flex\">\n<div class=\"wp-block-button\"><a class=\"wp-block-button__link has-white-color has-text-color has-background has-link-color has-border-color has-white-border-color has-small-font-size has-custom-font-size wp-element-button\" style=\"border-width:2px;background-color:#ffffff00;padding-top:var(--wp--preset--spacing--40);padding-right:var(--wp--preset--spacing--60);padding-bottom:var(--wp--preset--spacing--40);padding-left:var(--wp--preset--spacing--60);font-style:normal;font-weight:600;text-transform:uppercase\">VE\u010c<\/a><\/div>\n<\/div>\n<\/div><\/div>\n<\/div>\n\n\n\n<div class=\"wp-block-column is-layout-flow wp-block-column-is-layout-flow\">\n<div class=\"wp-block-group has-background\" style=\"border-radius:8px;background-color:#f9f8f7;padding-top:32px;padding-right:32px;padding-bottom:32px;padding-left:32px\"><div class=\"wp-block-group__inner-container is-layout-constrained wp-container-core-group-is-layout-3432adc9 wp-block-group-is-layout-constrained\">\n<h3 class=\"wp-block-heading\">Obvestila osnovne \u0161ole<\/h3>\n\n\n\n<p>Every line, every color, every form works in harmony to redefine how users interact with the world.<\/p>\n\n\n\n<div class=\"wp-block-buttons is-layout-flex wp-block-buttons-is-layout-flex\">\n<div class=\"wp-block-button\"><a class=\"wp-block-button__link has-white-color has-accent-background-color has-text-color has-background has-link-color has-small-font-size has-custom-font-size wp-element-button\" style=\"padding-top:var(--wp--preset--spacing--40);padding-right:var(--wp--preset--spacing--60);padding-bottom:var(--wp--preset--spacing--40);padding-left:var(--wp--preset--spacing--60);font-style:normal;font-weight:600;text-transform:uppercase\">VE\u010c<\/a><\/div>\n<\/div>\n<\/div><\/div>\n<\/div>\n<\/div>\n<\/div><\/div>\n\n\n\n<p><\/p>\n","protected":false},"excerpt":{"rendered":"<p>Predstavitev \u0161ole To smo mi, mladi in nadebudni To smo mi Predstavitev osnovne \u0161ole z najve\u010d 500 znaki. Na\u0161e novinarsko delo \u010casopis, video vsebina in ostalo \u0160olsko glasilo Klepetav\u010dek Pred vami je nova \u0161tevilka Klepetav\u010dka. Vabljeni k branju Video vsebine &#8211; youtube kanal VSE O VSEM Design is where function [&hellip;]<\/p>\n","protected":false},"author":1,"featured_media":0,"parent":0,"menu_order":0,"comment_status":"closed","ping_status":"closed","template":"","meta":{"footnotes":""},"class_list":["post-110","page","type-page","status-publish","hentry"],"_links":{"self":[{"href":"https:\/\/zavodsoteria.si\/index.php\/wp-json\/wp\/v2\/pages\/110","targetHints":{"allow":["GET"]}}],"collection":[{"href":"https:\/\/zavodsoteria.si\/index.php\/wp-json\/wp\/v2\/pages"}],"about":[{"href":"https:\/\/zavodsoteria.si\/index.php\/wp-json\/wp\/v2\/types\/page"}],"author":[{"embeddable":true,"href":"https:\/\/zavodsoteria.si\/index.php\/wp-json\/wp\/v2\/users\/1"}],"replies":[{"embeddable":true,"href":"https:\/\/zavodsoteria.si\/index.php\/wp-json\/wp\/v2\/comments?post=110"}],"version-history":[{"count":1,"href":"https:\/\/zavodsoteria.si\/index.php\/wp-json\/wp\/v2\/pages\/110\/revisions"}],"predecessor-version":[{"id":111,"href":"https:\/\/zavodsoteria.si\/index.php\/wp-json\/wp\/v2\/pages\/110\/revisions\/111"}],"wp:attachment":[{"href":"https:\/\/zavodsoteria.si\/index.php\/wp-json\/wp\/v2\/media?parent=110"}],"curies":[{"name":"wp","href":"https:\/\/api.w.org\/{rel}","templated":true}]}}