{"id":14,"date":"2026-02-28T10:34:32","date_gmt":"2026-02-28T10:34:32","guid":{"rendered":"https:\/\/zavodsoteria.si\/?page_id=14"},"modified":"2026-02-28T11:04:55","modified_gmt":"2026-02-28T11:04:55","slug":"home","status":"publish","type":"page","link":"https:\/\/zavodsoteria.si\/","title":{"rendered":"DOMOV"},"content":{"rendered":"\n<div class=\"wp-block-cover alignfull is-light hestia-clear-top-padding\"><span aria-hidden=\"true\" class=\"wp-block-cover__background has-white-background-color has-background-dim-100 has-background-dim\"><\/span><div class=\"wp-block-cover__inner-container is-layout-flow wp-block-cover-is-layout-flow\">\n<h2 class=\"wp-block-heading has-text-align-center has-text-color\" style=\"color:#3c4858\">Namen in cilji zavoda Soteria<\/h2>\n\n\n\n<div style=\"height:40px\" aria-hidden=\"true\" class=\"wp-block-spacer\"><\/div>\n\n\n\n<div class=\"wp-block-columns container is-layout-flex wp-container-core-columns-is-layout-28f84493 wp-block-columns-is-layout-flex\">\n<div class=\"wp-block-column is-layout-flow wp-block-column-is-layout-flow\"><div class=\"wp-block-image\">\n<figure class=\"aligncenter size-large\"><img decoding=\"async\" src=\"https:\/\/zavodsoteria.si\/wp-content\/themes\/hestia\/assets\/img\/feat1.png\" alt=\"\" class=\"wp-image-70\"\/><\/figure>\n<\/div>\n\n\n<h5 class=\"wp-block-heading has-text-align-center has-text-color\" style=\"color:#3c4858;font-size:18px\">Razvoj<\/h5>\n\n\n\n<p class=\"has-text-align-center has-text-color\" style=\"color:#999999;font-size:14px\">Zavod Soteria skrbi za <strong>celostni razvoj medijev, kulture, glasbe in umetnosti<\/strong> skozi raziskovanje, izobra\u017eevanje in ustvarjalno produkcijo. Njegov razvojni fokus je usmerjen v <strong>intelektualno poglobljenost, strokovno odli\u010dnost, eti\u010dno odgovornost in tehnolo\u0161ko naprednost<\/strong>. Zavod spodbuja razvoj posameznikov (mladih ustvarjalcev, raziskovalcev, novinarjev in umetnikov), razvoj kakovostnih vsebin ter razvoj inovativnih modelov delovanja na podro\u010dju kulturnega in medijskega prostora. Soteria skrbi za razvoj, ki ni zgolj produkcijski, temve\u010d <strong>vrednotno, raziskovalno in dru\u017ebeno odgovoren<\/strong>, z namenom ustvarjati trajnostne in dolgoro\u010dno vplivne projekte.<\/p>\n\n\n\n<div style=\"height:25px\" aria-hidden=\"true\" class=\"wp-block-spacer\"><\/div>\n<\/div>\n\n\n\n<div class=\"wp-block-column is-layout-flow wp-block-column-is-layout-flow\"><div class=\"wp-block-image\">\n<figure class=\"aligncenter size-large\"><img decoding=\"async\" src=\"https:\/\/zavodsoteria.si\/wp-content\/themes\/hestia\/assets\/img\/feat2.png\" alt=\"\" class=\"wp-image-71\"\/><\/figure>\n<\/div>\n\n\n<h5 class=\"wp-block-heading has-text-align-center has-text-color\" style=\"color:#3c4858;font-size:18px\">Raziskave<\/h5>\n\n\n\n<p class=\"has-text-align-center has-text-color\" style=\"color:#999999;font-size:14px\">Raziskave na podro\u010dju medijev, kulture, glasbe in umetnosti so klju\u010dne, ker omogo\u010dajo <strong>razumevanje dru\u017ebenih sprememb, vpliva informacij, oblikovanja vrednot ter kulturne identitete skupnosti<\/strong>. Brez raziskovalne podlage ustvarjanje vsebin hitro postane povr\u0161insko, kratkoro\u010dno in podvr\u017eeno trendom, namesto da bi bilo strokovno, odgovorno in dolgoro\u010dno usmerjeno. Sistemati\u010dne raziskave omogo\u010dajo razvoj novih modelov novinarstva, izbolj\u0161anje kakovosti umetni\u0161ke produkcije, krepitev medijske etike ter vzpostavljanje inovativnih izobra\u017eevalnih pristopov. Hkrati zagotavljajo, da kulturni in medijski prostor ostaja prostor dialoga, kriti\u010dne misli in ustvarjalne svobode. Raziskovanje na tem podro\u010dju tako ni luksuz, temve\u010d temelj za <strong>zrelo, stabilno in intelektualno odgovorno dru\u017ebo<\/strong>.<\/p>\n\n\n\n<div style=\"height:25px\" aria-hidden=\"true\" class=\"wp-block-spacer\"><\/div>\n<\/div>\n\n\n\n<div class=\"wp-block-column is-layout-flow wp-block-column-is-layout-flow\"><div class=\"wp-block-image\">\n<figure class=\"aligncenter size-large\"><img decoding=\"async\" src=\"https:\/\/zavodsoteria.si\/wp-content\/themes\/hestia\/assets\/img\/feat3.png\" alt=\"\" class=\"wp-image-72\"\/><\/figure>\n<\/div>\n\n\n<h5 class=\"wp-block-heading has-text-align-center has-text-color\" style=\"color:#3c4858;font-size:18px\">Izobra\u017eevanje<\/h5>\n\n\n\n<p class=\"has-text-align-center has-text-color\" style=\"color:#999999;font-size:14px\">Izobra\u017eevanje na podro\u010dju medijev, kulture, glasbe in umetnosti je klju\u010dno, ker oblikuje <strong>kompetentne, kriti\u010dno misle\u010de in eti\u010dno odgovorne ustvarjalce ter strokovnjake<\/strong>, ki soustvarjajo javni prostor. Brez sistemati\u010dnega izobra\u017eevanja ustvarjalnost pogosto ostane neizoblikovana, medijsko delovanje pa nepoglobljeno in podvr\u017eeno povr\u0161inski logiki v\u0161e\u010dnosti. Kakovostno izobra\u017eevanje omogo\u010da prenos znanja, razvoj tehni\u010dnih in raziskovalnih kompetenc ter oblikovanje vrednotne dr\u017ee, ki je nujna za odgovorno delovanje v javnosti. Spodbuja razumevanje kulturne dedi\u0161\u010dine, razvoj sodobnih umetni\u0161kih praks ter krepitev medijske pismenosti v dru\u017ebi. Izobra\u017eevanje na tem podro\u010dju tako ni le strokovno usposabljanje, temve\u010d nalo\u017eba v <strong>trajnostni razvoj kulturnega prostora, kakovost javnega diskurza in ustvarjalno prihodnost dru\u017ebe<\/strong>.<\/p>\n\n\n\n<div style=\"height:25px\" aria-hidden=\"true\" class=\"wp-block-spacer\"><\/div>\n<\/div>\n<\/div>\n\n\n\n<p><strong>Kjer se ideje razvijajo v vpliv. Kjer raziskava sre\u010da ustvarjalnost.<\/strong><\/p>\n\n\n\n<p>Zavod Soteria je prostor, kjer mediji, kultura, glasba in umetnost dobijo <strong>raziskovalno globino, izobra\u017eevalno strukturo in ustvarjalno mo\u010d<\/strong>. Gradimo skupnost ljudi, ki verjamejo v kakovostno vsebino, odgovoren javni prostor in intelektualno poglobljen dialog. <\/p>\n\n\n\n<p>\u010ce ustvarja\u0161, raziskuje\u0161, razmi\u0161lja\u0161 ali \u017eeli\u0161 prispevati k razvoju sodobne kulturne in medijske krajine, si pri nas dobrodo\u0161el, dobrodo\u0161la.<\/p>\n\n\n\n<p>Sledi na\u0161emu delu.<br>Vklju\u010di se s svojo vsebino, idejo ali projektom.<br>Postani del skupnosti, ki ne i\u0161\u010de bli\u017enjic, temve\u010d gradi trajne vrednosti. <\/p>\n\n\n\n<p>Dobrodo\u0161el, dobrodo\u0161la v prostoru razvoja, sodelovanja in svobodne misli. Zavod Soteria.<\/p>\n\n\n<div class=\"wp-block-image\">\n<figure class=\"aligncenter size-full\"><img loading=\"lazy\" decoding=\"async\" width=\"1024\" height=\"1024\" src=\"https:\/\/zavodsoteria.si\/wp-content\/uploads\/2026\/02\/SOTERIA-LOGO.png\" alt=\"\" class=\"wp-image-38\" srcset=\"https:\/\/zavodsoteria.si\/wp-content\/uploads\/2026\/02\/SOTERIA-LOGO.png 1024w, https:\/\/zavodsoteria.si\/wp-content\/uploads\/2026\/02\/SOTERIA-LOGO-300x300.png 300w, https:\/\/zavodsoteria.si\/wp-content\/uploads\/2026\/02\/SOTERIA-LOGO-150x150.png 150w, https:\/\/zavodsoteria.si\/wp-content\/uploads\/2026\/02\/SOTERIA-LOGO-768x768.png 768w\" sizes=\"auto, (max-width: 1024px) 100vw, 1024px\" \/><\/figure>\n<\/div><\/div><\/div>\n\n\n\n<div class=\"wp-block-columns container is-layout-flex wp-container-core-columns-is-layout-28f84493 wp-block-columns-is-layout-flex\">\n<div class=\"wp-block-column col-md-5 is-layout-flow wp-block-column-is-layout-flow\">\n<div style=\"height:55px\" aria-hidden=\"true\" class=\"wp-block-spacer\"><\/div>\n\n\n\n<h2 class=\"wp-block-heading\">ZAVOD SOTERIA<\/h2>\n\n\n\n<p>Brez konstruktivne kritike, brez \u0161irokega pogleda, brez diskusije, brez poizkusov in brez napak, nimamo osnove za u\u010denje. Zato je potrebno raziskovati, dvomiti, misliti, debatirati in razvijati.<\/p>\n<\/div>\n\n\n\n<div class=\"wp-block-column col-md-6 col-md-offset1 is-layout-flow wp-block-column-is-layout-flow\">\n<div style=\"height:55px\" aria-hidden=\"true\" class=\"wp-block-spacer\"><\/div>\n\n\n\n<p>Predvsem moramo poskrbeti, da bomo drug drugega sli\u0161ali in ne le poslu\u0161ali.<\/p>\n<\/div>\n<\/div>\n","protected":false},"excerpt":{"rendered":"<p>ZAVOD SOTERIA Brez konstruktivne kritike, brez \u0161irokega pogleda, brez diskusije, brez poizkusov in brez napak, nimamo osnove za u\u010denje. Zato je potrebno raziskovati, dvomiti, misliti, debatirati in razvijati. Predvsem moramo poskrbeti, da bomo drug drugega sli\u0161ali in ne le poslu\u0161ali.<\/p>\n","protected":false},"author":1,"featured_media":0,"parent":0,"menu_order":0,"comment_status":"closed","ping_status":"closed","template":"","meta":{"footnotes":""},"class_list":["post-14","page","type-page","status-publish","hentry"],"_links":{"self":[{"href":"https:\/\/zavodsoteria.si\/index.php\/wp-json\/wp\/v2\/pages\/14","targetHints":{"allow":["GET"]}}],"collection":[{"href":"https:\/\/zavodsoteria.si\/index.php\/wp-json\/wp\/v2\/pages"}],"about":[{"href":"https:\/\/zavodsoteria.si\/index.php\/wp-json\/wp\/v2\/types\/page"}],"author":[{"embeddable":true,"href":"https:\/\/zavodsoteria.si\/index.php\/wp-json\/wp\/v2\/users\/1"}],"replies":[{"embeddable":true,"href":"https:\/\/zavodsoteria.si\/index.php\/wp-json\/wp\/v2\/comments?post=14"}],"version-history":[{"count":10,"href":"https:\/\/zavodsoteria.si\/index.php\/wp-json\/wp\/v2\/pages\/14\/revisions"}],"predecessor-version":[{"id":51,"href":"https:\/\/zavodsoteria.si\/index.php\/wp-json\/wp\/v2\/pages\/14\/revisions\/51"}],"wp:attachment":[{"href":"https:\/\/zavodsoteria.si\/index.php\/wp-json\/wp\/v2\/media?parent=14"}],"curies":[{"name":"wp","href":"https:\/\/api.w.org\/{rel}","templated":true}]}}