{"id":87,"date":"2026-03-19T15:26:22","date_gmt":"2026-03-19T15:26:22","guid":{"rendered":"https:\/\/zavodsoteria.si\/?page_id=87"},"modified":"2026-03-23T15:53:42","modified_gmt":"2026-03-23T15:53:42","slug":"mediji","status":"publish","type":"page","link":"https:\/\/zavodsoteria.si\/index.php\/mediji\/","title":{"rendered":"MEDIJI"},"content":{"rendered":"\n<div class=\"wp-block-columns alignwide is-layout-flex wp-container-core-columns-is-layout-0b577f17 wp-block-columns-is-layout-flex\" style=\"padding-top:0;padding-right:0;padding-bottom:0;padding-left:0\">\n<div class=\"wp-block-column is-vertically-aligned-center is-layout-flow wp-block-column-is-layout-flow\">\n<p class=\"has-text-align-left has-accent-color has-text-color has-link-color has-small-font-size wp-elements-db55fd631b09dc06a55bc0fc8ee37ad9\" style=\"font-style:normal;font-weight:600;text-transform:uppercase\">MEDIJI so sila resnice in kredibilnosti<\/p>\n\n\n\n<h2 class=\"wp-block-heading\">Mediji in oblikovanje javnega prostora<\/h2>\n\n\n\n<p>Mediji imajo klju\u010dno vlogo pri oblikovanju javnega prostora, razumevanju sveta in \u0161irjenju informacij. Zavod Soteria razvija in podpira medijske projekte, ki temeljijo na verodostojnosti, kriti\u010dnem razmi\u0161ljanju in dru\u017ebeni odgovornosti. Poseben poudarek namenjamo vklju\u010devanju mladih v ustvarjanje medijskih vsebin, razvoju medijske pismenosti ter odpiranju prostora za glasove, ki pogosto ostajajo presli\u0161ani.<\/p>\n\n\n\n<div class=\"wp-block-buttons is-layout-flex wp-block-buttons-is-layout-flex\"><\/div>\n<\/div>\n\n\n\n<div class=\"wp-block-column is-layout-flow wp-block-column-is-layout-flow\" style=\"flex-basis:40%\">\n<figure class=\"wp-block-image size-full has-custom-border is-style-default\"><img decoding=\"async\" src=\"https:\/\/zavodsoteria.si\/wp-content\/themes\/hestia\/inc\/compatibility\/block-patterns\/img\/hst-demo-2.jpeg\" alt=\"\" class=\"wp-image-321\" style=\"border-radius:8px;aspect-ratio:1;object-fit:cover\"\/><\/figure>\n<\/div>\n<\/div>\n\n\n\n<div class=\"wp-block-buttons is-layout-flex wp-block-buttons-is-layout-flex\">\n<div class=\"wp-block-button\"><a class=\"wp-block-button__link wp-element-button\">\u0160OLSKO NOVINARSTVO<\/a><\/div>\n<\/div>\n\n\n\n<div class=\"wp-block-query is-layout-flow wp-block-query-is-layout-flow\"><ul class=\"wp-block-post-template is-layout-flow wp-block-post-template-is-layout-flow\"><li class=\"wp-block-post post-113 post type-post status-publish format-standard has-post-thumbnail hentry category-mediji tag-ai-prispevek tag-mediji tag-prispevek tag-zakon tag-zakonodaja\">\n\n<div class=\"wp-block-columns are-vertically-aligned-center is-layout-flex wp-container-core-columns-is-layout-28f84493 wp-block-columns-is-layout-flex\">\n<div class=\"wp-block-column is-vertically-aligned-center is-layout-flow wp-block-column-is-layout-flow\" style=\"flex-basis:25%\"><figure class=\"wp-block-post-featured-image\"><a href=\"https:\/\/zavodsoteria.si\/index.php\/2026\/03\/21\/novi-zakon-o-medijih\/\" target=\"_self\"  ><img loading=\"lazy\" decoding=\"async\" width=\"1280\" height=\"720\" src=\"https:\/\/zavodsoteria.si\/wp-content\/uploads\/2026\/03\/Novi-zakon-o-medijih.png\" class=\"attachment-post-thumbnail size-post-thumbnail wp-post-image\" alt=\"Novi zakon o medijih\" style=\"object-fit:cover;\" srcset=\"https:\/\/zavodsoteria.si\/wp-content\/uploads\/2026\/03\/Novi-zakon-o-medijih.png 1280w, https:\/\/zavodsoteria.si\/wp-content\/uploads\/2026\/03\/Novi-zakon-o-medijih-300x169.png 300w, https:\/\/zavodsoteria.si\/wp-content\/uploads\/2026\/03\/Novi-zakon-o-medijih-1024x576.png 1024w, https:\/\/zavodsoteria.si\/wp-content\/uploads\/2026\/03\/Novi-zakon-o-medijih-768x432.png 768w\" sizes=\"auto, (max-width: 1280px) 100vw, 1280px\" \/><\/a><\/figure><\/div>\n\n\n\n<div class=\"wp-block-column is-vertically-aligned-center is-layout-flow wp-block-column-is-layout-flow\" style=\"flex-basis:75%\"><h2 class=\"wp-block-post-title\"><a href=\"https:\/\/zavodsoteria.si\/index.php\/2026\/03\/21\/novi-zakon-o-medijih\/\" target=\"_self\" >Novi zakon o medijih<\/a><\/h2><\/div>\n<\/div>\n\n<\/li><li class=\"wp-block-post post-78 post type-post status-publish format-standard has-post-thumbnail hentry category-glasba category-intervju tag-glasba tag-intervju tag-mihaela-kotnik tag-vseovsem\">\n\n<div class=\"wp-block-columns are-vertically-aligned-center is-layout-flex wp-container-core-columns-is-layout-28f84493 wp-block-columns-is-layout-flex\">\n<div class=\"wp-block-column is-vertically-aligned-center is-layout-flow wp-block-column-is-layout-flow\" style=\"flex-basis:25%\"><figure class=\"wp-block-post-featured-image\"><a href=\"https:\/\/zavodsoteria.si\/index.php\/2026\/03\/04\/intervju-glasba-kot-zadnje-zatocisce-mladih-mihaela-kotnik\/\" target=\"_self\"  ><img loading=\"lazy\" decoding=\"async\" width=\"720\" height=\"480\" src=\"https:\/\/zavodsoteria.si\/wp-content\/uploads\/2026\/03\/505485394_10233540516926997_5122734208160260831_n.jpg\" class=\"attachment-post-thumbnail size-post-thumbnail wp-post-image\" alt=\"INTERVJU: Glasba kot zadnje zato\u010di\u0161\u010de mladih &#8211; Mihaela Kotnik\" style=\"object-fit:cover;\" srcset=\"https:\/\/zavodsoteria.si\/wp-content\/uploads\/2026\/03\/505485394_10233540516926997_5122734208160260831_n.jpg 720w, https:\/\/zavodsoteria.si\/wp-content\/uploads\/2026\/03\/505485394_10233540516926997_5122734208160260831_n-300x200.jpg 300w, https:\/\/zavodsoteria.si\/wp-content\/uploads\/2026\/03\/505485394_10233540516926997_5122734208160260831_n-360x240.jpg 360w\" sizes=\"auto, (max-width: 720px) 100vw, 720px\" \/><\/a><\/figure><\/div>\n\n\n\n<div class=\"wp-block-column is-vertically-aligned-center is-layout-flow wp-block-column-is-layout-flow\" style=\"flex-basis:75%\"><h2 class=\"wp-block-post-title\"><a href=\"https:\/\/zavodsoteria.si\/index.php\/2026\/03\/04\/intervju-glasba-kot-zadnje-zatocisce-mladih-mihaela-kotnik\/\" target=\"_self\" >INTERVJU: Glasba kot zadnje zato\u010di\u0161\u010de mladih &#8211; Mihaela Kotnik<\/a><\/h2><\/div>\n<\/div>\n\n<\/li><\/ul><\/div>\n","protected":false},"excerpt":{"rendered":"<p>MEDIJI so sila resnice in kredibilnosti Mediji in oblikovanje javnega prostora Mediji imajo klju\u010dno vlogo pri oblikovanju javnega prostora, razumevanju sveta in \u0161irjenju informacij. Zavod Soteria razvija in podpira medijske projekte, ki temeljijo na verodostojnosti, kriti\u010dnem razmi\u0161ljanju in dru\u017ebeni odgovornosti. Poseben poudarek namenjamo vklju\u010devanju mladih v ustvarjanje medijskih vsebin, razvoju [&hellip;]<\/p>\n","protected":false},"author":1,"featured_media":0,"parent":0,"menu_order":0,"comment_status":"closed","ping_status":"closed","template":"","meta":{"footnotes":""},"class_list":["post-87","page","type-page","status-publish","hentry"],"_links":{"self":[{"href":"https:\/\/zavodsoteria.si\/index.php\/wp-json\/wp\/v2\/pages\/87","targetHints":{"allow":["GET"]}}],"collection":[{"href":"https:\/\/zavodsoteria.si\/index.php\/wp-json\/wp\/v2\/pages"}],"about":[{"href":"https:\/\/zavodsoteria.si\/index.php\/wp-json\/wp\/v2\/types\/page"}],"author":[{"embeddable":true,"href":"https:\/\/zavodsoteria.si\/index.php\/wp-json\/wp\/v2\/users\/1"}],"replies":[{"embeddable":true,"href":"https:\/\/zavodsoteria.si\/index.php\/wp-json\/wp\/v2\/comments?post=87"}],"version-history":[{"count":3,"href":"https:\/\/zavodsoteria.si\/index.php\/wp-json\/wp\/v2\/pages\/87\/revisions"}],"predecessor-version":[{"id":124,"href":"https:\/\/zavodsoteria.si\/index.php\/wp-json\/wp\/v2\/pages\/87\/revisions\/124"}],"wp:attachment":[{"href":"https:\/\/zavodsoteria.si\/index.php\/wp-json\/wp\/v2\/media?parent=87"}],"curies":[{"name":"wp","href":"https:\/\/api.w.org\/{rel}","templated":true}]}}