{"id":93,"date":"2026-03-19T15:33:11","date_gmt":"2026-03-19T15:33:11","guid":{"rendered":"https:\/\/zavodsoteria.si\/?page_id=93"},"modified":"2026-03-23T15:51:47","modified_gmt":"2026-03-23T15:51:47","slug":"kultura","status":"publish","type":"page","link":"https:\/\/zavodsoteria.si\/index.php\/kultura\/","title":{"rendered":"KULTURA"},"content":{"rendered":"\n<div class=\"wp-block-columns alignwide is-layout-flex wp-container-core-columns-is-layout-0b577f17 wp-block-columns-is-layout-flex\" style=\"padding-top:0;padding-right:0;padding-bottom:0;padding-left:0\">\n<div class=\"wp-block-column is-vertically-aligned-center is-layout-flow wp-block-column-is-layout-flow\">\n<p class=\"has-text-align-left has-accent-color has-text-color has-link-color has-small-font-size wp-elements-0cea9329112aa792a6c1656169a91ea2\" style=\"font-style:normal;font-weight:600;text-transform:uppercase\">BREZ KULTURE NAM \u017dIVETI NI<\/p>\n\n\n\n<h2 class=\"wp-block-heading\">Kultura je odraz razvite dru\u017ebe<\/h2>\n\n\n\n<p>Kultura je temelj identitete, prostora dialoga in most med preteklostjo, sedanjostjo ter prihodnostjo. Zavod Soteria si prizadeva za ohranjanje, razvoj in promocijo kulturne dedi\u0161\u010dine ter sodobnih kulturnih praks, ki bogatijo dru\u017ebo in spodbujajo kriti\u010dno razmi\u0161ljanje. S povezovanjem lokalnih skupnosti, ustvarjalcev in institucij gradimo odprt kulturni prostor, ki spodbuja sodelovanje, razumevanje in aktivno soustvarjanje dru\u017ebenega okolja.<\/p>\n\n\n\n<div class=\"wp-block-buttons is-layout-flex wp-block-buttons-is-layout-flex\"><\/div>\n<\/div>\n\n\n\n<div class=\"wp-block-column is-layout-flow wp-block-column-is-layout-flow\" style=\"flex-basis:40%\">\n<figure class=\"wp-block-image size-full has-custom-border is-style-default\"><img loading=\"lazy\" decoding=\"async\" width=\"1024\" height=\"1024\" src=\"https:\/\/zavodsoteria.si\/wp-content\/uploads\/2026\/03\/kultura-web.png\" alt=\"\" class=\"wp-image-94\" style=\"border-radius:8px;aspect-ratio:1;object-fit:cover\" srcset=\"https:\/\/zavodsoteria.si\/wp-content\/uploads\/2026\/03\/kultura-web.png 1024w, https:\/\/zavodsoteria.si\/wp-content\/uploads\/2026\/03\/kultura-web-300x300.png 300w, https:\/\/zavodsoteria.si\/wp-content\/uploads\/2026\/03\/kultura-web-150x150.png 150w, https:\/\/zavodsoteria.si\/wp-content\/uploads\/2026\/03\/kultura-web-768x768.png 768w\" sizes=\"auto, (max-width: 1024px) 100vw, 1024px\" \/><\/figure>\n<\/div>\n<\/div>\n\n\n\n<div class=\"wp-block-query is-layout-flow wp-block-query-is-layout-flow\"><\/div>\n\n\n\n<p><\/p>\n","protected":false},"excerpt":{"rendered":"<p>BREZ KULTURE NAM \u017dIVETI NI Kultura je odraz razvite dru\u017ebe Kultura je temelj identitete, prostora dialoga in most med preteklostjo, sedanjostjo ter prihodnostjo. Zavod Soteria si prizadeva za ohranjanje, razvoj in promocijo kulturne dedi\u0161\u010dine ter sodobnih kulturnih praks, ki bogatijo dru\u017ebo in spodbujajo kriti\u010dno razmi\u0161ljanje. S povezovanjem lokalnih skupnosti, ustvarjalcev [&hellip;]<\/p>\n","protected":false},"author":1,"featured_media":0,"parent":0,"menu_order":0,"comment_status":"closed","ping_status":"closed","template":"","meta":{"footnotes":""},"class_list":["post-93","page","type-page","status-publish","hentry"],"_links":{"self":[{"href":"https:\/\/zavodsoteria.si\/index.php\/wp-json\/wp\/v2\/pages\/93","targetHints":{"allow":["GET"]}}],"collection":[{"href":"https:\/\/zavodsoteria.si\/index.php\/wp-json\/wp\/v2\/pages"}],"about":[{"href":"https:\/\/zavodsoteria.si\/index.php\/wp-json\/wp\/v2\/types\/page"}],"author":[{"embeddable":true,"href":"https:\/\/zavodsoteria.si\/index.php\/wp-json\/wp\/v2\/users\/1"}],"replies":[{"embeddable":true,"href":"https:\/\/zavodsoteria.si\/index.php\/wp-json\/wp\/v2\/comments?post=93"}],"version-history":[{"count":3,"href":"https:\/\/zavodsoteria.si\/index.php\/wp-json\/wp\/v2\/pages\/93\/revisions"}],"predecessor-version":[{"id":122,"href":"https:\/\/zavodsoteria.si\/index.php\/wp-json\/wp\/v2\/pages\/93\/revisions\/122"}],"wp:attachment":[{"href":"https:\/\/zavodsoteria.si\/index.php\/wp-json\/wp\/v2\/media?parent=93"}],"curies":[{"name":"wp","href":"https:\/\/api.w.org\/{rel}","templated":true}]}}