{"id":96,"date":"2026-03-19T15:36:13","date_gmt":"2026-03-19T15:36:13","guid":{"rendered":"https:\/\/zavodsoteria.si\/?page_id=96"},"modified":"2026-03-23T16:00:58","modified_gmt":"2026-03-23T16:00:58","slug":"glasba","status":"publish","type":"page","link":"https:\/\/zavodsoteria.si\/index.php\/glasba\/","title":{"rendered":"GLASBA"},"content":{"rendered":"\n<div class=\"wp-block-columns alignwide is-layout-flex wp-container-core-columns-is-layout-0b577f17 wp-block-columns-is-layout-flex\" style=\"padding-top:0;padding-right:0;padding-bottom:0;padding-left:0\">\n<div class=\"wp-block-column is-vertically-aligned-center is-layout-flow wp-block-column-is-layout-flow\">\n<p class=\"has-text-align-left has-accent-color has-text-color has-link-color has-small-font-size wp-elements-7258421a2e38916052466dad2bf0e8af\" style=\"font-style:normal;font-weight:600;text-transform:uppercase\">SVET V TONIH IN MELODIJAH<\/p>\n\n\n\n<h2 class=\"wp-block-heading\">Prese\u017enost jezika in govora<\/h2>\n\n\n\n<p>Glasba presega meje jezika in zdru\u017euje ljudi na globoko \u010dustveni ravni. V Zavodu Soteria spodbujamo razvoj glasbenih talentov, podpiramo mlade ustvarjalce ter ustvarjamo prilo\u017enosti za nastope, produkcijo in promocijo glasbenih projektov. Na\u0161 cilj je graditi skupnost, kjer glasba postane orodje povezovanja, izra\u017eanja in kulturnega dialoga, hkrati pa omogo\u010da posameznikom, da svojo ustvarjalnost razvijejo v trajnostno umetni\u0161ko pot.<\/p>\n\n\n\n<div class=\"wp-block-buttons is-layout-flex wp-block-buttons-is-layout-flex\"><\/div>\n<\/div>\n\n\n\n<div class=\"wp-block-column is-layout-flow wp-block-column-is-layout-flow\" style=\"flex-basis:40%\">\n<figure class=\"wp-block-image size-full has-custom-border is-style-default\"><img loading=\"lazy\" decoding=\"async\" width=\"1024\" height=\"1024\" src=\"https:\/\/zavodsoteria.si\/wp-content\/uploads\/2026\/03\/glasba-web.png\" alt=\"\" class=\"wp-image-97\" style=\"border-radius:8px;aspect-ratio:1;object-fit:cover\" srcset=\"https:\/\/zavodsoteria.si\/wp-content\/uploads\/2026\/03\/glasba-web.png 1024w, https:\/\/zavodsoteria.si\/wp-content\/uploads\/2026\/03\/glasba-web-300x300.png 300w, https:\/\/zavodsoteria.si\/wp-content\/uploads\/2026\/03\/glasba-web-150x150.png 150w, https:\/\/zavodsoteria.si\/wp-content\/uploads\/2026\/03\/glasba-web-768x768.png 768w\" sizes=\"auto, (max-width: 1024px) 100vw, 1024px\" \/><\/figure>\n<\/div>\n<\/div>\n\n\n\n<div class=\"wp-block-query is-layout-flow wp-block-query-is-layout-flow\"><ul class=\"wp-block-post-template is-layout-flow wp-block-post-template-is-layout-flow\"><li class=\"wp-block-post post-144 post type-post status-publish format-standard has-post-thumbnail hentry category-glasba\">\n\n<div class=\"wp-block-columns are-vertically-aligned-center is-layout-flex wp-container-core-columns-is-layout-28f84493 wp-block-columns-is-layout-flex\">\n<div class=\"wp-block-column is-vertically-aligned-center is-layout-flow wp-block-column-is-layout-flow\" style=\"flex-basis:25%\"><figure class=\"wp-block-post-featured-image\"><a href=\"https:\/\/zavodsoteria.si\/index.php\/2026\/04\/19\/ivo-rocks-7-0-ko-rock-dobrodelnost-in-mladi-talenti-stopijo-na-isti-oder\/\" target=\"_self\"  ><img loading=\"lazy\" decoding=\"async\" width=\"1440\" height=\"810\" src=\"https:\/\/zavodsoteria.si\/wp-content\/uploads\/2026\/04\/IVO-ROCKS-7.0.png\" class=\"attachment-post-thumbnail size-post-thumbnail wp-post-image\" alt=\"IVO ROCKS 7.0: ko rock, dobrodelnost in mladi talenti stopijo na isti oder\" style=\"object-fit:cover;\" srcset=\"https:\/\/zavodsoteria.si\/wp-content\/uploads\/2026\/04\/IVO-ROCKS-7.0.png 1440w, https:\/\/zavodsoteria.si\/wp-content\/uploads\/2026\/04\/IVO-ROCKS-7.0-300x169.png 300w, https:\/\/zavodsoteria.si\/wp-content\/uploads\/2026\/04\/IVO-ROCKS-7.0-1024x576.png 1024w, https:\/\/zavodsoteria.si\/wp-content\/uploads\/2026\/04\/IVO-ROCKS-7.0-768x432.png 768w\" sizes=\"auto, (max-width: 1440px) 100vw, 1440px\" \/><\/a><\/figure><\/div>\n\n\n\n<div class=\"wp-block-column is-vertically-aligned-center is-layout-flow wp-block-column-is-layout-flow\" style=\"flex-basis:75%\"><h2 class=\"wp-block-post-title\"><a href=\"https:\/\/zavodsoteria.si\/index.php\/2026\/04\/19\/ivo-rocks-7-0-ko-rock-dobrodelnost-in-mladi-talenti-stopijo-na-isti-oder\/\" target=\"_self\" >IVO ROCKS 7.0: ko rock, dobrodelnost in mladi talenti stopijo na isti oder<\/a><\/h2><\/div>\n<\/div>\n\n<\/li><li class=\"wp-block-post post-78 post type-post status-publish format-standard has-post-thumbnail hentry category-glasba category-intervju tag-glasba tag-intervju tag-mihaela-kotnik tag-vseovsem\">\n\n<div class=\"wp-block-columns are-vertically-aligned-center is-layout-flex wp-container-core-columns-is-layout-28f84493 wp-block-columns-is-layout-flex\">\n<div class=\"wp-block-column is-vertically-aligned-center is-layout-flow wp-block-column-is-layout-flow\" style=\"flex-basis:25%\"><figure class=\"wp-block-post-featured-image\"><a href=\"https:\/\/zavodsoteria.si\/index.php\/2026\/03\/04\/intervju-glasba-kot-zadnje-zatocisce-mladih-mihaela-kotnik\/\" target=\"_self\"  ><img loading=\"lazy\" decoding=\"async\" width=\"720\" height=\"480\" src=\"https:\/\/zavodsoteria.si\/wp-content\/uploads\/2026\/03\/505485394_10233540516926997_5122734208160260831_n.jpg\" class=\"attachment-post-thumbnail size-post-thumbnail wp-post-image\" alt=\"INTERVJU: Glasba kot zadnje zato\u010di\u0161\u010de mladih &#8211; Mihaela Kotnik\" style=\"object-fit:cover;\" srcset=\"https:\/\/zavodsoteria.si\/wp-content\/uploads\/2026\/03\/505485394_10233540516926997_5122734208160260831_n.jpg 720w, https:\/\/zavodsoteria.si\/wp-content\/uploads\/2026\/03\/505485394_10233540516926997_5122734208160260831_n-300x200.jpg 300w, https:\/\/zavodsoteria.si\/wp-content\/uploads\/2026\/03\/505485394_10233540516926997_5122734208160260831_n-360x240.jpg 360w\" sizes=\"auto, (max-width: 720px) 100vw, 720px\" \/><\/a><\/figure><\/div>\n\n\n\n<div class=\"wp-block-column is-vertically-aligned-center is-layout-flow wp-block-column-is-layout-flow\" style=\"flex-basis:75%\"><h2 class=\"wp-block-post-title\"><a href=\"https:\/\/zavodsoteria.si\/index.php\/2026\/03\/04\/intervju-glasba-kot-zadnje-zatocisce-mladih-mihaela-kotnik\/\" target=\"_self\" >INTERVJU: Glasba kot zadnje zato\u010di\u0161\u010de mladih &#8211; Mihaela Kotnik<\/a><\/h2><\/div>\n<\/div>\n\n<\/li><li class=\"wp-block-post post-60 post type-post status-publish format-standard has-post-thumbnail hentry category-glasba category-podcast-vse-o-vsem tag-glasba tag-intervju tag-podcast tag-vseovsem tag-youtube\">\n\n<div class=\"wp-block-columns are-vertically-aligned-center is-layout-flex wp-container-core-columns-is-layout-28f84493 wp-block-columns-is-layout-flex\">\n<div class=\"wp-block-column is-vertically-aligned-center is-layout-flow wp-block-column-is-layout-flow\" style=\"flex-basis:25%\"><figure class=\"wp-block-post-featured-image\"><a href=\"https:\/\/zavodsoteria.si\/index.php\/2026\/01\/17\/glasba-kot-zadnje-zatocisce-mladih\/\" target=\"_self\"  ><img loading=\"lazy\" decoding=\"async\" width=\"461\" height=\"464\" src=\"https:\/\/zavodsoteria.si\/wp-content\/uploads\/2026\/02\/Zajeta-slika.png\" class=\"attachment-post-thumbnail size-post-thumbnail wp-post-image\" alt=\"Glasba kot zadnje zato\u010di\u0161\u010de mladih\" style=\"object-fit:cover;\" srcset=\"https:\/\/zavodsoteria.si\/wp-content\/uploads\/2026\/02\/Zajeta-slika.png 461w, https:\/\/zavodsoteria.si\/wp-content\/uploads\/2026\/02\/Zajeta-slika-298x300.png 298w, https:\/\/zavodsoteria.si\/wp-content\/uploads\/2026\/02\/Zajeta-slika-150x150.png 150w\" sizes=\"auto, (max-width: 461px) 100vw, 461px\" \/><\/a><\/figure><\/div>\n\n\n\n<div class=\"wp-block-column is-vertically-aligned-center is-layout-flow wp-block-column-is-layout-flow\" style=\"flex-basis:75%\"><h2 class=\"wp-block-post-title\"><a href=\"https:\/\/zavodsoteria.si\/index.php\/2026\/01\/17\/glasba-kot-zadnje-zatocisce-mladih\/\" target=\"_self\" >Glasba kot zadnje zato\u010di\u0161\u010de mladih<\/a><\/h2><\/div>\n<\/div>\n\n<\/li><\/ul><\/div>\n","protected":false},"excerpt":{"rendered":"<p>SVET V TONIH IN MELODIJAH Prese\u017enost jezika in govora Glasba presega meje jezika in zdru\u017euje ljudi na globoko \u010dustveni ravni. V Zavodu Soteria spodbujamo razvoj glasbenih talentov, podpiramo mlade ustvarjalce ter ustvarjamo prilo\u017enosti za nastope, produkcijo in promocijo glasbenih projektov. Na\u0161 cilj je graditi skupnost, kjer glasba postane orodje povezovanja, [&hellip;]<\/p>\n","protected":false},"author":1,"featured_media":0,"parent":0,"menu_order":0,"comment_status":"closed","ping_status":"closed","template":"","meta":{"footnotes":""},"class_list":["post-96","page","type-page","status-publish","hentry"],"_links":{"self":[{"href":"https:\/\/zavodsoteria.si\/index.php\/wp-json\/wp\/v2\/pages\/96","targetHints":{"allow":["GET"]}}],"collection":[{"href":"https:\/\/zavodsoteria.si\/index.php\/wp-json\/wp\/v2\/pages"}],"about":[{"href":"https:\/\/zavodsoteria.si\/index.php\/wp-json\/wp\/v2\/types\/page"}],"author":[{"embeddable":true,"href":"https:\/\/zavodsoteria.si\/index.php\/wp-json\/wp\/v2\/users\/1"}],"replies":[{"embeddable":true,"href":"https:\/\/zavodsoteria.si\/index.php\/wp-json\/wp\/v2\/comments?post=96"}],"version-history":[{"count":4,"href":"https:\/\/zavodsoteria.si\/index.php\/wp-json\/wp\/v2\/pages\/96\/revisions"}],"predecessor-version":[{"id":129,"href":"https:\/\/zavodsoteria.si\/index.php\/wp-json\/wp\/v2\/pages\/96\/revisions\/129"}],"wp:attachment":[{"href":"https:\/\/zavodsoteria.si\/index.php\/wp-json\/wp\/v2\/media?parent=96"}],"curies":[{"name":"wp","href":"https:\/\/api.w.org\/{rel}","templated":true}]}}