{"id":99,"date":"2026-03-19T15:39:53","date_gmt":"2026-03-19T15:39:53","guid":{"rendered":"https:\/\/zavodsoteria.si\/?page_id=99"},"modified":"2026-03-23T15:52:34","modified_gmt":"2026-03-23T15:52:34","slug":"umetnost","status":"publish","type":"page","link":"https:\/\/zavodsoteria.si\/index.php\/umetnost\/","title":{"rendered":"UMETNOST"},"content":{"rendered":"\n<div class=\"wp-block-columns alignwide is-layout-flex wp-container-core-columns-is-layout-0b577f17 wp-block-columns-is-layout-flex\" style=\"padding-top:0;padding-right:0;padding-bottom:0;padding-left:0\">\n<div class=\"wp-block-column is-vertically-aligned-center is-layout-flow wp-block-column-is-layout-flow\">\n<p class=\"has-text-align-left has-accent-color has-text-color has-link-color has-small-font-size wp-elements-e2ba4ffe51ef6accffb3ca227494b515\" style=\"font-style:normal;font-weight:600;text-transform:uppercase\">Subtitle<\/p>\n\n\n\n<h2 class=\"wp-block-heading\">Izraz \u010dlove\u0161ke du\u0161e<\/h2>\n\n\n\n<div class=\"wp-block-group is-nowrap is-layout-flex wp-container-core-group-is-layout-6c531013 wp-block-group-is-layout-flex\">\n<p><a href=\"https:\/\/zavodsoteria.si\/wp-admin\/edit.php?post_type=page\"><\/a><\/p>\n\n\n\n<p>Umetnost je izraz \u010dlovekove notranjosti, svobode in ustvarjalnosti. V Zavodu Soteria podpiramo razvoj umetni\u0161kih talentov, omogo\u010damo prostor za izra\u017eanje ter spodbujamo nastajanje kakovostnih umetni\u0161kih vsebin. Na\u0161 cilj je ustvariti okolje, kjer umetniki vseh generacij lahko razvijajo svoje ideje, eksperimentirajo in s svojim delom nagovarjajo \u0161ir\u0161o dru\u017ebo ter odpirajo pomembna vpra\u0161anja sodobnega \u010dasa.<\/p>\n<\/div>\n\n\n\n<div class=\"wp-block-buttons is-layout-flex wp-block-buttons-is-layout-flex\"><\/div>\n<\/div>\n\n\n\n<div class=\"wp-block-column is-layout-flow wp-block-column-is-layout-flow\" style=\"flex-basis:40%\">\n<figure class=\"wp-block-image size-full has-custom-border is-style-default\"><img loading=\"lazy\" decoding=\"async\" width=\"1024\" height=\"1024\" src=\"https:\/\/zavodsoteria.si\/wp-content\/uploads\/2026\/03\/umetnost-web.png\" alt=\"\" class=\"wp-image-101\" style=\"border-radius:8px;aspect-ratio:1;object-fit:cover\" srcset=\"https:\/\/zavodsoteria.si\/wp-content\/uploads\/2026\/03\/umetnost-web.png 1024w, https:\/\/zavodsoteria.si\/wp-content\/uploads\/2026\/03\/umetnost-web-300x300.png 300w, https:\/\/zavodsoteria.si\/wp-content\/uploads\/2026\/03\/umetnost-web-150x150.png 150w, https:\/\/zavodsoteria.si\/wp-content\/uploads\/2026\/03\/umetnost-web-768x768.png 768w\" sizes=\"auto, (max-width: 1024px) 100vw, 1024px\" \/><\/figure>\n<\/div>\n<\/div>\n\n\n\n<div class=\"wp-block-query is-layout-flow wp-block-query-is-layout-flow\"><ul class=\"wp-block-post-template is-layout-flow wp-block-post-template-is-layout-flow\"><li class=\"wp-block-post post-144 post type-post status-publish format-standard has-post-thumbnail hentry category-glasba\">\n\n<div class=\"wp-block-columns are-vertically-aligned-center is-layout-flex wp-container-core-columns-is-layout-28f84493 wp-block-columns-is-layout-flex\">\n<div class=\"wp-block-column is-vertically-aligned-center is-layout-flow wp-block-column-is-layout-flow\" style=\"flex-basis:25%\"><figure class=\"wp-block-post-featured-image\"><a href=\"https:\/\/zavodsoteria.si\/index.php\/2026\/04\/19\/ivo-rocks-7-0-ko-rock-dobrodelnost-in-mladi-talenti-stopijo-na-isti-oder\/\" target=\"_self\"  ><img loading=\"lazy\" decoding=\"async\" width=\"1440\" height=\"810\" src=\"https:\/\/zavodsoteria.si\/wp-content\/uploads\/2026\/04\/IVO-ROCKS-7.0.png\" class=\"attachment-post-thumbnail size-post-thumbnail wp-post-image\" alt=\"IVO ROCKS 7.0: ko rock, dobrodelnost in mladi talenti stopijo na isti oder\" style=\"object-fit:cover;\" srcset=\"https:\/\/zavodsoteria.si\/wp-content\/uploads\/2026\/04\/IVO-ROCKS-7.0.png 1440w, https:\/\/zavodsoteria.si\/wp-content\/uploads\/2026\/04\/IVO-ROCKS-7.0-300x169.png 300w, https:\/\/zavodsoteria.si\/wp-content\/uploads\/2026\/04\/IVO-ROCKS-7.0-1024x576.png 1024w, https:\/\/zavodsoteria.si\/wp-content\/uploads\/2026\/04\/IVO-ROCKS-7.0-768x432.png 768w\" sizes=\"auto, (max-width: 1440px) 100vw, 1440px\" \/><\/a><\/figure><\/div>\n\n\n\n<div class=\"wp-block-column is-vertically-aligned-center is-layout-flow wp-block-column-is-layout-flow\" style=\"flex-basis:75%\"><h2 class=\"wp-block-post-title\"><a href=\"https:\/\/zavodsoteria.si\/index.php\/2026\/04\/19\/ivo-rocks-7-0-ko-rock-dobrodelnost-in-mladi-talenti-stopijo-na-isti-oder\/\" target=\"_self\" >IVO ROCKS 7.0: ko rock, dobrodelnost in mladi talenti stopijo na isti oder<\/a><\/h2><\/div>\n<\/div>\n\n<\/li><li class=\"wp-block-post post-78 post type-post status-publish format-standard has-post-thumbnail hentry category-glasba category-intervju tag-glasba tag-intervju tag-mihaela-kotnik tag-vseovsem\">\n\n<div class=\"wp-block-columns are-vertically-aligned-center is-layout-flex wp-container-core-columns-is-layout-28f84493 wp-block-columns-is-layout-flex\">\n<div class=\"wp-block-column is-vertically-aligned-center is-layout-flow wp-block-column-is-layout-flow\" style=\"flex-basis:25%\"><figure class=\"wp-block-post-featured-image\"><a href=\"https:\/\/zavodsoteria.si\/index.php\/2026\/03\/04\/intervju-glasba-kot-zadnje-zatocisce-mladih-mihaela-kotnik\/\" target=\"_self\"  ><img loading=\"lazy\" decoding=\"async\" width=\"720\" height=\"480\" src=\"https:\/\/zavodsoteria.si\/wp-content\/uploads\/2026\/03\/505485394_10233540516926997_5122734208160260831_n.jpg\" class=\"attachment-post-thumbnail size-post-thumbnail wp-post-image\" alt=\"INTERVJU: Glasba kot zadnje zato\u010di\u0161\u010de mladih &#8211; Mihaela Kotnik\" style=\"object-fit:cover;\" srcset=\"https:\/\/zavodsoteria.si\/wp-content\/uploads\/2026\/03\/505485394_10233540516926997_5122734208160260831_n.jpg 720w, https:\/\/zavodsoteria.si\/wp-content\/uploads\/2026\/03\/505485394_10233540516926997_5122734208160260831_n-300x200.jpg 300w, https:\/\/zavodsoteria.si\/wp-content\/uploads\/2026\/03\/505485394_10233540516926997_5122734208160260831_n-360x240.jpg 360w\" sizes=\"auto, (max-width: 720px) 100vw, 720px\" \/><\/a><\/figure><\/div>\n\n\n\n<div class=\"wp-block-column is-vertically-aligned-center is-layout-flow wp-block-column-is-layout-flow\" style=\"flex-basis:75%\"><h2 class=\"wp-block-post-title\"><a href=\"https:\/\/zavodsoteria.si\/index.php\/2026\/03\/04\/intervju-glasba-kot-zadnje-zatocisce-mladih-mihaela-kotnik\/\" target=\"_self\" >INTERVJU: Glasba kot zadnje zato\u010di\u0161\u010de mladih &#8211; Mihaela Kotnik<\/a><\/h2><\/div>\n<\/div>\n\n<\/li><\/ul><\/div>\n","protected":false},"excerpt":{"rendered":"<p>Subtitle Izraz \u010dlove\u0161ke du\u0161e Umetnost je izraz \u010dlovekove notranjosti, svobode in ustvarjalnosti. V Zavodu Soteria podpiramo razvoj umetni\u0161kih talentov, omogo\u010damo prostor za izra\u017eanje ter spodbujamo nastajanje kakovostnih umetni\u0161kih vsebin. Na\u0161 cilj je ustvariti okolje, kjer umetniki vseh generacij lahko razvijajo svoje ideje, eksperimentirajo in s svojim delom nagovarjajo \u0161ir\u0161o dru\u017ebo [&hellip;]<\/p>\n","protected":false},"author":1,"featured_media":0,"parent":0,"menu_order":0,"comment_status":"closed","ping_status":"closed","template":"","meta":{"footnotes":""},"class_list":["post-99","page","type-page","status-publish","hentry"],"_links":{"self":[{"href":"https:\/\/zavodsoteria.si\/index.php\/wp-json\/wp\/v2\/pages\/99","targetHints":{"allow":["GET"]}}],"collection":[{"href":"https:\/\/zavodsoteria.si\/index.php\/wp-json\/wp\/v2\/pages"}],"about":[{"href":"https:\/\/zavodsoteria.si\/index.php\/wp-json\/wp\/v2\/types\/page"}],"author":[{"embeddable":true,"href":"https:\/\/zavodsoteria.si\/index.php\/wp-json\/wp\/v2\/users\/1"}],"replies":[{"embeddable":true,"href":"https:\/\/zavodsoteria.si\/index.php\/wp-json\/wp\/v2\/comments?post=99"}],"version-history":[{"count":3,"href":"https:\/\/zavodsoteria.si\/index.php\/wp-json\/wp\/v2\/pages\/99\/revisions"}],"predecessor-version":[{"id":123,"href":"https:\/\/zavodsoteria.si\/index.php\/wp-json\/wp\/v2\/pages\/99\/revisions\/123"}],"wp:attachment":[{"href":"https:\/\/zavodsoteria.si\/index.php\/wp-json\/wp\/v2\/media?parent=99"}],"curies":[{"name":"wp","href":"https:\/\/api.w.org\/{rel}","templated":true}]}}